{"id":36,"date":"2019-11-05T22:41:26","date_gmt":"2019-11-05T22:41:26","guid":{"rendered":"http:\/\/144.76.63.27\/wordpress\/?page_id=36"},"modified":"2020-04-01T17:59:59","modified_gmt":"2020-04-01T17:59:59","slug":"home","status":"publish","type":"page","link":"https:\/\/shumantalent.com\/index.php\/home\/","title":{"rendered":"Home"},"content":{"rendered":"<p>[vc_row][vc_column column_width_percent=\u00bb100&#8243; gutter_size=\u00bb3&#8243; overlay_alpha=\u00bb50&#8243; shift_x=\u00bb0&#8243; shift_y=\u00bb0&#8243; shift_y_down=\u00bb0&#8243; z_index=\u00bb0&#8243; medium_width=\u00bb0&#8243; mobile_width=\u00bb0&#8243; width=\u00bb1\/2&#8243;][vc_custom_heading subheading=\u00bbMIDA HABILIDADES, CONOCIMIENTOS Y APTITUDES, POTENCIALICE SUS<br \/>\nCOMPETENCIAS Y LAS DE SU EQUIPO:\u00bb]<\/p>\n<h1 style=\"text-align: center;\">Empresas<\/h1>\n<p>[\/vc_custom_heading][vc_single_image media=\u00bb83216&#8243; media_width_percent=\u00bb100&#8243;][vc_column_text]<\/p>\n<ul>\n<li>\u00a0Descubra las mejores t\u00e9cnicas para lograr a\u00fan mejores resultados con su equipo.<\/li>\n<li>Identifique r\u00e1pidamente las competencias que requiere en su equipo y en sus procesos de selecci\u00f3n.<\/li>\n<li>Procesos de selecci\u00f3n y desarrollo m\u00e1s r\u00e1pidos, simples y efectivos.<\/li>\n<li>Identifique sus fortalezas y \u00e1reas de desarrollo, realice mejore entrevistas y consiga el cargo que siempre ha so\u00f1ado!<\/li>\n<\/ul>\n<p>[\/vc_column_text][vc_button border_width=\u00bb0&#8243;]Muestra Gratis[\/vc_button][\/vc_column][vc_column width=\u00bb1\/2&#8243;][vc_custom_heading subheading=\u00bbENCUENTRE EL TRABAJO DE SUS SUE\u00d1OS!!!!\u00bb]<\/p>\n<h1 style=\"text-align: center;\">Individuales<\/h1>\n<p>[\/vc_custom_heading][vc_single_image media=\u00bb83215&#8243; media_width_percent=\u00bb100&#8243;][vc_column_text]Esta es una herramienta en l\u00ednea para aplicaci\u00f3n e interpretaci\u00f3n de pruebas psicom\u00e9tricas. Contamos con pruebas psicom\u00e9tricas que eval\u00faan caracter\u00edsticas, competencias, obt\u00e9n resultados inmediatos, desarrolla tu habilidades y obt\u00e9n el trabajo que quieres.<\/p>\n<p>&nbsp;<\/p>\n<p>&nbsp;<\/p>\n<p>[\/vc_column_text][vc_button border_width=\u00bb0&#8243;]Prueba ahora [\/vc_button][\/vc_column][\/vc_row][vc_row][vc_column width=\u00bb1\/1&#8243;][vc_custom_heading el_id=\u00bbheadingQuienes\u00bb]<\/p>\n<div style=\"text-align: center;\">\n<h1 class=\"fontspace-781688 font-weight-300\">Metodolog\u00eda de los colores<\/h1>\n<\/div>\n<p>[\/vc_custom_heading][vc_row_inner limit_content=\u00bb\u00bb][vc_column_inner width=\u00bb1\/2&#8243;][vc_single_image media=\u00bb83189&#8243; media_width_percent=\u00bb100&#8243;][\/vc_column_inner][vc_column_inner width=\u00bb1\/2&#8243;][vc_custom_heading]<\/p>\n<h3 class=\"fontspace-781688 font-weight-300\" style=\"text-align: justify;\">Herramientas de alta precisi\u00f3n para selecci\u00f3n y desarrollo de personal.<\/h3>\n<p>[\/vc_custom_heading][vc_column_text]Mida habilidades, conocimientos y aptitudes, potencialice sus competencias y las de su equipo:[\/vc_column_text][uncode_list css_animation=\u00bbzoom-in\u00bb]<\/p>\n<ul>\n<li>Descubra las mejores t\u00e9cnicas para lograr a\u00fan mejores resultados con su equipo.<\/li>\n<\/ul>\n<ul>\n<li>Identifique r\u00e1pidamente las competencias que requiere en su equipo y en sus procesos de selecci\u00f3n.<\/li>\n<\/ul>\n<ul>\n<li>Procesos de selecci\u00f3n y desarrollo\u00a0 m\u00e1s r\u00e1pidos, simples y efectivos.<\/li>\n<\/ul>\n<ul>\n<li>Identifique sus fortalezas y \u00e1reas de desarrollo, realice mejore entrevistas y consiga el cargo que siempre ha so\u00f1ado!<\/li>\n<\/ul>\n<p>[\/uncode_list][\/vc_column_inner][\/vc_row_inner][\/vc_column][\/vc_row][vc_row row_height_percent=\u00bb0&#8243; override_padding=\u00bbyes\u00bb h_padding=\u00bb2&#8243; top_padding=\u00bb0&#8243; bottom_padding=\u00bb5&#8243; overlay_alpha=\u00bb50&#8243; equal_height=\u00bbyes\u00bb gutter_size=\u00bb4&#8243; column_width_percent=\u00bb100&#8243; shift_y=\u00bb0&#8243; z_index=\u00bb0&#8243; mobile_visibility=\u00bbyes\u00bb][vc_column column_width_percent=\u00bb100&#8243; position_horizontal=\u00bbleft\u00bb position_vertical=\u00bbmiddle\u00bb gutter_size=\u00bb2&#8243; overlay_alpha=\u00bb50&#8243; shift_x=\u00bb0&#8243; shift_y=\u00bb0&#8243; shift_y_down=\u00bb0&#8243; z_index=\u00bb0&#8243; medium_width=\u00bb4&#8243; mobile_width=\u00bb0&#8243; zoom_width=\u00bb0&#8243; zoom_height=\u00bb0&#8243; width=\u00bb1\/4&#8243;][vc_custom_heading text_size=\u00bbh1&#8243; text_weight=\u00bb300&#8243; text_space=\u00bbfontspace-781688&#8243; subheading=\u00bbNuestro diferencial es el trato de proximidad y atenci\u00f3n personalizada con el Cliente con el objetivo de detectar sus necesidades espec\u00edficas.\u00bb]<\/p>\n<h3 class=\"fontspace-781688 font-weight-300\" style=\"text-align: justify;\">Nuestro Proceso de Selecci\u00f3n<\/h3>\n<p>[\/vc_custom_heading][\/vc_column][vc_column column_width_percent=\u00bb100&#8243; position_vertical=\u00bbmiddle\u00bb align_horizontal=\u00bbalign_center\u00bb gutter_size=\u00bb2&#8243; overlay_alpha=\u00bb50&#8243; shift_x=\u00bb0&#8243; shift_y=\u00bb0&#8243; shift_y_down=\u00bb0&#8243; z_index=\u00bb0&#8243; medium_width=\u00bb2&#8243; mobile_width=\u00bb0&#8243; zoom_width=\u00bb0&#8243; zoom_height=\u00bb0&#8243; width=\u00bb3\/4&#8243;][vc_single_image media=\u00bb82610&#8243; media_width_percent=\u00bb100&#8243;][\/vc_column][\/vc_row][vc_row row_height_percent=\u00bb0&#8243; override_padding=\u00bbyes\u00bb h_padding=\u00bb2&#8243; top_padding=\u00bb5&#8243; bottom_padding=\u00bb5&#8243; back_color=\u00bbcolor-rgdb\u00bb overlay_alpha=\u00bb50&#8243; equal_height=\u00bbyes\u00bb gutter_size=\u00bb0&#8243; column_width_percent=\u00bb100&#8243; border_color=\u00bbcolor-gyho\u00bb border_style=\u00bbsolid\u00bb shift_y=\u00bb0&#8243; z_index=\u00bb0&#8243; bottom_divider=\u00bbgradient\u00bb el_class=\u00bbgradient\u00bb css=\u00bb.vc_custom_1545409094152{border-top-width: 1px !important;}\u00bb][vc_column column_width_percent=\u00bb100&#8243; position_vertical=\u00bbmiddle\u00bb gutter_size=\u00bb3&#8243; override_padding=\u00bbyes\u00bb column_padding=\u00bb0&#8243; style=\u00bbdark\u00bb overlay_alpha=\u00bb50&#8243; shift_x=\u00bb0&#8243; shift_y=\u00bb0&#8243; shift_y_down=\u00bb0&#8243; z_index=\u00bb0&#8243; medium_width=\u00bb0&#8243; mobile_width=\u00bb0&#8243; css_animation=\u00bbbottom-t-top\u00bb animation_delay=\u00bb200&#8243; width=\u00bb1\/1&#8243;][vc_row_inner row_inner_height_percent=\u00bb0&#8243; overlay_alpha=\u00bb50&#8243; equal_height=\u00bbyes\u00bb gutter_size=\u00bb4&#8243; shift_y=\u00bb0&#8243; z_index=\u00bb0&#8243; limit_content=\u00bb\u00bb][vc_column_inner column_width_percent=\u00bb100&#8243; gutter_size=\u00bb3&#8243; style=\u00bbdark\u00bb overlay_alpha=\u00bb50&#8243; shift_x=\u00bb0&#8243; shift_y=\u00bb0&#8243; shift_y_down=\u00bb0&#8243; z_index=\u00bb0&#8243; medium_width=\u00bb4&#8243; align_mobile=\u00bbalign_center_mobile\u00bb mobile_width=\u00bb0&#8243; width=\u00bb1\/2&#8243;][vc_custom_heading text_size=\u00bbh1&#8243; text_weight=\u00bb300&#8243; text_space=\u00bbfontspace-781688&#8243; subheading=\u00bbHa pensado usted que siempre estamos prepar\u00e1ndonos a nivel profesional para lograr tener las mejores opciones laborales, pero realmente nos hemos preparado para afrontar con \u00e9xito las entrevistas y oportunidades laborales.<\/p>\n<p>Por que no prepararnos con asesor\u00eda profesional que nos brinde estrategias de \u00e9xito para crear as\u00ed el perfil profesional que nos lleve a conseguir el camino laboral que deseamos, y afrontar con \u00e9xito cada oportunidad laboral que se nos presenten.<\/p>\n<p>Descubra sus fortalezas y \u00e1reas de desarrollo para incrementar su potencial profesional.\u00bb]<\/p>\n<h2 style=\"text-align: justify;\">Asessment Profesional<\/h2>\n<p>[\/vc_custom_heading][vc_button button_color=\u00bbcolor-vyce\u00bb text_skin=\u00bbyes\u00bb border_width=\u00bb0&#8243;]cont\u00e1ctenos ahora[\/vc_button][\/vc_column_inner][vc_column_inner column_width_percent=\u00bb100&#8243; position_vertical=\u00bbmiddle\u00bb gutter_size=\u00bb3&#8243; overlay_alpha=\u00bb50&#8243; shift_x=\u00bb0&#8243; shift_y=\u00bb0&#8243; shift_y_down=\u00bb0&#8243; z_index=\u00bb0&#8243; medium_width=\u00bb4&#8243; mobile_width=\u00bb0&#8243; width=\u00bb1\/2&#8243;][vc_single_image media=\u00bb82608&#8243; media_width_percent=\u00bb100&#8243;][\/vc_column_inner][\/vc_row_inner][\/vc_column][\/vc_row][vc_row][vc_column width=\u00bb1\/1&#8243;][vc_custom_heading el_id=\u00bbheadingQuienes\u00bb]<\/p>\n<div style=\"text-align: center;\">\n<h1 class=\"fontspace-781688 font-weight-300\">\u00bfQuienes somos?<\/h1>\n<\/div>\n<p>[\/vc_custom_heading][vc_row_inner limit_content=\u00bb\u00bb][vc_column_inner width=\u00bb1\/2&#8243;][vc_column_text]<\/p>\n<h3 class=\"fontspace-781688 font-weight-300\" style=\"text-align: justify;\">Contamos con 10 a\u00f1os en el mercado evaluando Directivos, Profesionales alineando alineando estrategias organizacionales.<\/h3>\n<p>[\/vc_column_text][vc_column_text]<\/p>\n<p style=\"text-align: justify;\">Contamos con herramientas de alta calidad que permiten a profesionales y empresas realizar An\u00e1lisis estrat\u00e9gicos con Informes Cualitativos y Cuantitativos, generando acciones enfocadas al desarrollo profesional e identificaci\u00f3n de competencias.\u00a0 Contamos con 10 a\u00f1os en el mercado evaluando Directivos, Profesionales alineando alineando estrategias organizacionales.<\/p>\n<p style=\"text-align: justify;\">Nuestra experiencia en Ecuador, Mexico, Per\u00fa y Colombia nos ha permitido entender la din\u00e1mica de los mercados de una manera global apoyando a profesionales y empresas a llegar a su m\u00e1ximo potencial<\/p>\n<p>[\/vc_column_text][\/vc_column_inner][vc_column_inner width=\u00bb1\/2&#8243;][vc_single_image media=\u00bb83037&#8243; media_width_percent=\u00bb100&#8243;][\/vc_column_inner][\/vc_row_inner][\/vc_column][\/vc_row][vc_row row_height_percent=\u00bb35&#8243; override_padding=\u00bbyes\u00bb h_padding=\u00bb2&#8243; top_padding=\u00bb5&#8243; bottom_padding=\u00bb5&#8243; overlay_alpha=\u00bb50&#8243; gutter_size=\u00bb4&#8243; column_width_percent=\u00bb100&#8243; shift_y=\u00bb0&#8243; z_index=\u00bb0&#8243;][vc_column column_width_percent=\u00bb100&#8243; position_horizontal=\u00bbleft\u00bb position_vertical=\u00bbmiddle\u00bb gutter_size=\u00bb3&#8243; overlay_alpha=\u00bb50&#8243; shift_x=\u00bb0&#8243; shift_y=\u00bb0&#8243; shift_y_down=\u00bb0&#8243; z_index=\u00bb0&#8243; medium_width=\u00bb3&#8243; mobile_width=\u00bb0&#8243; zoom_width=\u00bb0&#8243; zoom_height=\u00bb0&#8243; width=\u00bb1\/3&#8243;][vc_icon display=\u00bbinline\u00bb icon=\u00bbfa fa-mobile2&#8243; icon_color=\u00bbcolor-vyce\u00bb size=\u00bbfa-3x\u00bb text_weight=\u00bb300&#8243; text_space=\u00bbfontspace-781688&#8243; title=\u00bbProcesos de Selecci\u00f3n\u00bb]<\/p>\n<p style=\"text-align: justify;\">Identifica los intereses, la experiencia laboral, los conocimientos,\u00a0 las preferencias y caracter\u00edsticas personales de cada uno de nuestros postulantes.<\/p>\n<p>[\/vc_icon][\/vc_column][vc_column column_width_percent=\u00bb100&#8243; position_vertical=\u00bbmiddle\u00bb gutter_size=\u00bb3&#8243; overlay_alpha=\u00bb50&#8243; shift_x=\u00bb0&#8243; shift_y=\u00bb0&#8243; shift_y_down=\u00bb0&#8243; z_index=\u00bb0&#8243; medium_width=\u00bb3&#8243; mobile_width=\u00bb0&#8243; zoom_width=\u00bb0&#8243; zoom_height=\u00bb0&#8243; width=\u00bb1\/3&#8243;][vc_icon display=\u00bbinline\u00bb icon=\u00bbfa fa-genius\u00bb icon_color=\u00bbcolor-vyce\u00bb size=\u00bbfa-3x\u00bb text_weight=\u00bb300&#8243; text_space=\u00bbfontspace-781688&#8243; title=\u00bbValoraci\u00f3n de Competencias\u00bb]<\/p>\n<p style=\"text-align: justify;\">Mediante herramientas de alta tecnolog\u00eda aplicadas por expertos profesionales que permiten ayudarle a entender su estilo de comportamiento.<\/p>\n<p>[\/vc_icon][\/vc_column][vc_column column_width_percent=\u00bb100&#8243; position_vertical=\u00bbmiddle\u00bb gutter_size=\u00bb3&#8243; overlay_alpha=\u00bb50&#8243; shift_x=\u00bb0&#8243; shift_y=\u00bb0&#8243; shift_y_down=\u00bb0&#8243; z_index=\u00bb0&#8243; medium_width=\u00bb3&#8243; mobile_width=\u00bb0&#8243; zoom_width=\u00bb0&#8243; zoom_height=\u00bb0&#8243; width=\u00bb1\/3&#8243;][vc_icon display=\u00bbinline\u00bb icon=\u00bbfa fa-trophy2&#8243; icon_color=\u00bbcolor-vyce\u00bb size=\u00bbfa-3x\u00bb text_weight=\u00bb300&#8243; text_space=\u00bbfontspace-781688&#8243; title=\u00bbSoporte Gerencial\u00bb]<\/p>\n<p style=\"text-align: justify;\">Asesoramos y apoyamos su proyecto o emprendimiento, mediante herramientas que realizan lectura de competencias con indicadores de fortalezas y \u00e1reas de desarrollo.<\/p>\n<p>[\/vc_icon][\/vc_column][\/vc_row][vc_row row_height_percent=\u00bb0&#8243; override_padding=\u00bbyes\u00bb h_padding=\u00bb2&#8243; top_padding=\u00bb7&#8243; bottom_padding=\u00bb7&#8243; back_color=\u00bbcolor-wayh\u00bb back_image=\u00bb82620&#8243; back_position=\u00bbcenter top\u00bb parallax=\u00bbyes\u00bb overlay_color=\u00bbcolor-wayh\u00bb overlay_alpha=\u00bb56&#8243; gutter_size=\u00bb3&#8243; column_width_percent=\u00bb100&#8243; shift_y=\u00bb0&#8243; z_index=\u00bb0&#8243;][vc_column column_width_percent=\u00bb100&#8243; position_vertical=\u00bbmiddle\u00bb align_horizontal=\u00bbalign_center\u00bb gutter_size=\u00bb3&#8243; style=\u00bbdark\u00bb overlay_alpha=\u00bb50&#8243; shift_x=\u00bb0&#8243; shift_y=\u00bb0&#8243; shift_y_down=\u00bb0&#8243; z_index=\u00bb0&#8243; medium_width=\u00bb0&#8243; mobile_width=\u00bb0&#8243; width=\u00bb1\/1&#8243;][vc_gallery el_id=\u00bbgallery-1&#8243; type=\u00bbcarousel\u00bb medias=\u00bb12158&#8243; carousel_lg=\u00bb1&#8243; carousel_md=\u00bb1&#8243; carousel_sm=\u00bb1&#8243; gutter_size=\u00bb0&#8243; media_items=\u00bbicon,media|lightbox|original\u00bb carousel_type=\u00bbfade\u00bb carousel_interval=\u00bb0&#8243; carousel_navspeed=\u00bb1000&#8243; carousel_dots=\u00bbyes\u00bb carousel_dots_mobile=\u00bbyes\u00bb carousel_autoh=\u00bbyes\u00bb carousel_textual=\u00bbyes\u00bb stage_padding=\u00bb0&#8243; single_overlay_opacity=\u00bb50&#8243; single_padding=\u00bb2&#8243; single_title_dimension=\u00bbh2&#8243; single_title_weight=\u00bb300&#8243; single_title_height=\u00bbfontheight-524109&#8243; carousel_twitter=\u00bbyes\u00bb items=\u00bbeyIxMjE1OF9pIjp7InNpbmdsZV9oX2FsaWduIjoiY2VudGVyIiwic2luZ2xlX3RpdGxlX2ZhbWlseSI6ImZvbnQtMTM0OTgwIn19&#8243;][\/vc_column][\/vc_row][vc_row row_height_percent=\u00bb0&#8243; override_padding=\u00bbyes\u00bb h_padding=\u00bb2&#8243; top_padding=\u00bb5&#8243; bottom_padding=\u00bb5&#8243; overlay_alpha=\u00bb50&#8243; gutter_size=\u00bb3&#8243; column_width_percent=\u00bb100&#8243; shift_y=\u00bb0&#8243; z_index=\u00bb0&#8243; top_divider=\u00bbstep\u00bb][vc_column column_width_percent=\u00bb100&#8243; align_horizontal=\u00bbalign_center\u00bb gutter_size=\u00bb4&#8243; overlay_alpha=\u00bb100&#8243; shift_x=\u00bb0&#8243; shift_y=\u00bb0&#8243; shift_y_down=\u00bb0&#8243; z_index=\u00bb0&#8243; medium_width=\u00bb0&#8243; mobile_width=\u00bb0&#8243; zoom_width=\u00bb0&#8243; zoom_height=\u00bb0&#8243; width=\u00bb1\/1&#8243; mobile_width_full=\u00bb\u00bb][vc_row_inner limit_content=\u00bb\u00bb][vc_column_inner column_width_use_pixel=\u00bbyes\u00bb align_horizontal=\u00bbalign_center\u00bb gutter_size=\u00bb2&#8243; overlay_alpha=\u00bb50&#8243; shift_x=\u00bb0&#8243; shift_y=\u00bb0&#8243; shift_y_down=\u00bb0&#8243; z_index=\u00bb0&#8243; medium_width=\u00bb0&#8243; mobile_width=\u00bb0&#8243; zoom_width=\u00bb0&#8243; zoom_height=\u00bb0&#8243; width=\u00bb1\/1&#8243; column_width_pixel=\u00bb660&#8243;][vc_custom_heading el_id=\u00bbheadingQuienes\u00bb]<\/p>\n<div style=\"text-align: center;\">\n<h1 class=\"fontspace-781688 font-weight-300\">Productos<\/h1>\n<\/div>\n<p>[\/vc_custom_heading][vc_custom_heading heading_semantic=\u00bbp\u00bb text_font=\u00bbfont-762333&#8243; text_size=\u00bbh5&#8243; text_weight=\u00bb400&#8243; text_height=\u00bbfontheight-357766&#8243; text_space=\u00bbfontspace-781688&#8243; text_color=\u00bbcolor-wvjs\u00bb css_animation=\u00bbcurtain\u00bb animation_delay=\u00bb200&#8243;]Lorem ipsum dolor sit amet, consectetur adipiscing elit, sed do eiusmod tempor incididunt ut labore et dolore magna aliqua.[\/vc_custom_heading][\/vc_column_inner][\/vc_row_inner][uncode_index el_id=\u00bbindex-15687&#8243; isotope_mode=\u00bbfitRows\u00bb loop=\u00bbsize:3|order_by:date|order:DESC|post_type:product|by_id:18907,19261,18934,18965&#8243; gutter_size=\u00bb2&#8243; post_items=\u00bbtitle,media,text,link,author,date,category,extra\u00bb page_items=\u00bbtitle,media,text,category\u00bb product_items=\u00bbtitle,media|featured|onpost|original|hide-sale|enhanced-atc,price|inline,spacer|half\u00bb portfolio_items=\u00bbtitle,media,text,category\u00bb screen_lg=\u00bb900&#8243; screen_md=\u00bb600&#8243; screen_sm=\u00bb480&#8243; images_size=\u00bbone-one\u00bb single_shape=\u00bbround\u00bb radius=\u00bbxs\u00bb single_overlay_opacity=\u00bb20&#8243; single_image_anim=\u00bbno\u00bb single_h_align=\u00bbcenter\u00bb single_padding=\u00bb1&#8243; single_title_family=\u00bbfont-762333&#8243; single_title_dimension=\u00bbfontsize-160000&#8243; single_title_weight=\u00bb700&#8243; single_title_transform=\u00bbuppercase\u00bb single_title_space=\u00bbfontspace-781688&#8243; single_border=\u00bbyes\u00bb single_css_animation=\u00bbbottom-t-top\u00bb single_animation_delay=\u00bb200&#8243; no_double_tap=\u00bbyes\u00bb carousel_rtl=\u00bb\u00bb single_title_uppercase=\u00bb\u00bb filtering_menu=\u00bbinline\u00bb single_block_click=\u00bb\u00bb single_text_hover=\u00bb\u00bb single_no_background=\u00bb\u00bb single_title_serif=\u00bb\u00bb single_title_divider=\u00bb\u00bb order_ids=\u00bb18907,18932,19235,19261,18966,18963,18962,18937&#8243;][vc_single_image media=\u00bb83154&#8243; media_width_percent=\u00bb15&#8243; media_ratio=\u00bbone-one\u00bb alignment=\u00bbcenter\u00bb shape=\u00bbimg-circle\u00bb border=\u00bbyes\u00bb media_link=\u00bburl:http%3A%2F%2F144.76.63.27%2Fwordpress%2Findex.php%2Fcontact-simple%2F|title:Contacto||\u00bb el_id=\u00bbpayU\u00bb][\/vc_column][\/vc_row][vc_row row_height_percent=\u00bb70&#8243; override_padding=\u00bbyes\u00bb h_padding=\u00bb2&#8243; top_padding=\u00bb7&#8243; bottom_padding=\u00bb7&#8243; back_color=\u00bbcolor-wayh\u00bb back_image=\u00bb82617&#8243; parallax=\u00bbyes\u00bb overlay_color=\u00bbcolor-wayh\u00bb overlay_alpha=\u00bb45&#8243; gutter_size=\u00bb100&#8243; column_width_percent=\u00bb100&#8243; shift_y=\u00bb0&#8243; z_index=\u00bb0&#8243; enable_top_divider=\u00bbdefault\u00bb top_divider=\u00bbgradient\u00bb shape_top_h_use_pixel=\u00bbtrue\u00bb shape_top_height_percent=\u00bb50&#8243; shape_top_color=\u00bbcolor-wayh\u00bb shape_top_opacity=\u00bb30&#8243; shape_top_index=\u00bb0&#8243; style=\u00bbinherited\u00bb][vc_column column_width_percent=\u00bb100&#8243; position_vertical=\u00bbmiddle\u00bb align_horizontal=\u00bbalign_center\u00bb gutter_size=\u00bb2&#8243; style=\u00bbdark\u00bb overlay_alpha=\u00bb100&#8243; shift_x=\u00bb0&#8243; shift_y=\u00bb0&#8243; shift_y_down=\u00bb0&#8243; z_index=\u00bb0&#8243; medium_width=\u00bb0&#8243; mobile_width=\u00bb0&#8243; zoom_width=\u00bb0&#8243; zoom_height=\u00bb0&#8243; width=\u00bb1\/1&#8243;][vc_custom_heading text_size=\u00bbfontsize-155944&#8243; text_weight=\u00bb300&#8243; text_space=\u00bbfontspace-781688&#8243; css_animation=\u00bbcurtain\u00bb animation_delay=\u00bb200&#8243;]Cont\u00e1ctenos Ahora[\/vc_custom_heading][vc_custom_heading heading_semantic=\u00bbh5&#8243; text_size=\u00bbh4&#8243; text_weight=\u00bb300&#8243; sub_reduced=\u00bbyes\u00bb css_animation=\u00bbcurtain\u00bb animation_delay=\u00bb600&#8243;]Estamos aqu\u00ed para ayudarle a impulsar el cambio, juntos daremos forma al futuro\u00a0.[\/vc_custom_heading][vc_empty_space empty_h=\u00bb1&#8243;][vc_button button_color=\u00bbcolor-vyce\u00bb hover_fx=\u00bbfull-colored\u00bb text_skin=\u00bbyes\u00bb border_width=\u00bb0&#8243; css_animation=\u00bbzoom-in\u00bb animation_delay=\u00bb1000&#8243; link=\u00bburl:http%3A%2F%2F144.76.63.27%2Fwordpress%2Findex.php%2Fcontact-simple%2F|title:Contacto||\u00bb]Ver m\u00e1s[\/vc_button][\/vc_column][\/vc_row]<\/p>\n","protected":false},"excerpt":{"rendered":"<p>[vc_row][vc_column column_width_percent=\u00bb100&#8243; gutter_size=\u00bb3&#8243; overlay_alpha=\u00bb50&#8243; shift_x=\u00bb0&#8243; shift_y=\u00bb0&#8243; shift_y_down=\u00bb0&#8243; z_index=\u00bb0&#8243; medium_width=\u00bb0&#8243; mobile_width=\u00bb0&#8243; width=\u00bb1\/2&#8243;][vc_custom_heading subheading=\u00bbMIDA HABILIDADES, CONOCIMIENTOS Y APTITUDES, POTENCIALICE SUS COMPETENCIAS Y [&hellip;]<\/p>\n","protected":false},"author":1,"featured_media":0,"parent":0,"menu_order":0,"comment_status":"closed","ping_status":"closed","template":"","meta":[],"_links":{"self":[{"href":"https:\/\/shumantalent.com\/index.php\/wp-json\/wp\/v2\/pages\/36"}],"collection":[{"href":"https:\/\/shumantalent.com\/index.php\/wp-json\/wp\/v2\/pages"}],"about":[{"href":"https:\/\/shumantalent.com\/index.php\/wp-json\/wp\/v2\/types\/page"}],"author":[{"embeddable":true,"href":"https:\/\/shumantalent.com\/index.php\/wp-json\/wp\/v2\/users\/1"}],"replies":[{"embeddable":true,"href":"https:\/\/shumantalent.com\/index.php\/wp-json\/wp\/v2\/comments?post=36"}],"version-history":[{"count":85,"href":"https:\/\/shumantalent.com\/index.php\/wp-json\/wp\/v2\/pages\/36\/revisions"}],"predecessor-version":[{"id":83222,"href":"https:\/\/shumantalent.com\/index.php\/wp-json\/wp\/v2\/pages\/36\/revisions\/83222"}],"wp:attachment":[{"href":"https:\/\/shumantalent.com\/index.php\/wp-json\/wp\/v2\/media?parent=36"}],"curies":[{"name":"wp","href":"https:\/\/api.w.org\/{rel}","templated":true}]}}