{"id":83071,"date":"2020-02-27T23:26:24","date_gmt":"2020-02-27T23:26:24","guid":{"rendered":"http:\/\/144.76.63.27\/wordpress\/?page_id=83071"},"modified":"2020-04-01T04:25:23","modified_gmt":"2020-04-01T04:25:23","slug":"evalua-tu-perfil","status":"publish","type":"page","link":"https:\/\/shumantalent.com\/index.php\/evalua-tu-perfil\/","title":{"rendered":"Evalua tu perfil"},"content":{"rendered":"<p>[vc_row row_height_percent=\u00bb0&#8243; override_padding=\u00bbyes\u00bb h_padding=\u00bb2&#8243; top_padding=\u00bb2&#8243; bottom_padding=\u00bb2&#8243; overlay_alpha=\u00bb50&#8243; gutter_size=\u00bb4&#8243; column_width_percent=\u00bb100&#8243; shift_y=\u00bb0&#8243; z_index=\u00bb0&#8243;][vc_column width=\u00bb1\/3&#8243;][vc_icon icon_color=\u00bbcolor-xsdn\u00bb size=\u00bbfa-3x\u00bb text_weight=\u00bb300&#8243; text_space=\u00bbfontspace-781688&#8243; title=\u00bbSelecc\u00f3n de personal\u00bb]<\/p>\n<p style=\"text-align: justify;\">Nuestras aplicaciones de selecci\u00f3n de personal ayudan a tomar la decisi\u00f3n correcta a la hora de la contrataci\u00f3n de personal es el primer paso para mejorar el desempe\u00f1o de su compa\u00f1\u00eda.<\/p>\n<p>[\/vc_icon][\/vc_column][vc_column width=\u00bb1\/3&#8243;][vc_icon icon_color=\u00bbcolor-xsdn\u00bb size=\u00bbfa-3x\u00bb text_weight=\u00bb300&#8243; text_space=\u00bbfontspace-781688&#8243; title=\u00bbEvaluaci\u00f3n de competencias\u00bb]<\/p>\n<p style=\"text-align: justify;\">Cada d\u00eda mas las organizaciones buscan la excelencia empresarial. Conocer y localizar nuestras fortalezas, y \u00e1reas de desarrollo ayuda a alcanzar dicha excelencia.<\/p>\n<p>[\/vc_icon][\/vc_column][vc_column width=\u00bb1\/3&#8243;][vc_icon icon_color=\u00bbcolor-xsdn\u00bb size=\u00bbfa-3x\u00bb text_weight=\u00bb300&#8243; text_space=\u00bbfontspace-781688&#8243; title=\u00bbIdentificaci\u00f3n de talento\u00bb]<\/p>\n<p style=\"text-align: justify;\">Definir el tipo de talento humano que necesitamos y saber de qu\u00e9 talento disponemos es crucial en el desarrollo y consecuci\u00f3n de las los objetivos estrat\u00e9gicos empresariales.<\/p>\n<p>[\/vc_icon][\/vc_column][\/vc_row][vc_row][vc_column width=\u00bb1\/3&#8243;][vc_icon icon_color=\u00bbcolor-xsdn\u00bb size=\u00bbfa-3x\u00bb text_weight=\u00bb300&#8243; text_space=\u00bbfontspace-781688&#8243; title=\u00bbEvaluaci\u00f3n de liderazgo\u00bb]<\/p>\n<p style=\"text-align: justify;\">La llave del \u00e9xito de las compa\u00f1\u00edas est\u00e1 en la adecuada implantaci\u00f3n de la estrategia empresarial y el liderazgo que ejercen los managers de la compa\u00f1\u00eda a la hora de trasmitir y ejecutar dicha<br \/>\nestrategia.<\/p>\n<p>[\/vc_icon][\/vc_column][vc_column width=\u00bb1\/3&#8243;][vc_icon icon_color=\u00bbcolor-xsdn\u00bb size=\u00bbfa-3x\u00bb text_weight=\u00bb300&#8243; text_space=\u00bbfontspace-781688&#8243; title=\u00bbDesarrollo de planes de carrera\u00bb]<\/p>\n<p style=\"text-align: justify;\">Mantener la motivaci\u00f3n laboral del personal y a la vez, que est\u00e9n comprometidos con la estrategia de empresa es clave en el buen desarrollo de cualquier organizaci\u00f3n.<\/p>\n<p>[\/vc_icon][\/vc_column][vc_column width=\u00bb1\/3&#8243;][vc_icon icon_color=\u00bbcolor-xsdn\u00bb size=\u00bbfa-3x\u00bb text_weight=\u00bb300&#8243; text_space=\u00bbfontspace-781688&#8243; title=\u00bbIdentificaci\u00f3n cultura empresarial\u00bb]<\/p>\n<p style=\"text-align: justify;\">Los cambios constantes en el mundo organizaci\u00f3n nos hacen vivir en una situaci\u00f3n en la que es necesaria una continua adaptaci\u00f3n de nuestra cultura empresarial a las exigencias del mercado.<\/p>\n<p>[\/vc_icon][\/vc_column][\/vc_row][vc_row][vc_column width=\u00bb1\/3&#8243;][vc_icon icon_color=\u00bbcolor-xsdn\u00bb size=\u00bbfa-3x\u00bb text_weight=\u00bb300&#8243; text_space=\u00bbfontspace-781688&#8243; title=\u00bbInteligencia emocional\u00bb]<\/p>\n<p style=\"text-align: justify;\">Medir y analizar la inteligencia emocional para reconocer, entender y manejar nuestras emociones nos permite relacionarnos con las personas de nuestro entorno laboral de forma adecuada y exitosa.<\/p>\n<p>[\/vc_icon][\/vc_column][vc_column width=\u00bb1\/3&#8243;][vc_icon icon_color=\u00bbcolor-xsdn\u00bb size=\u00bbfa-3x\u00bb text_weight=\u00bb300&#8243; text_space=\u00bbfontspace-781688&#8243; title=\u00bbAutodesrrollo\u00bb]<\/p>\n<p style=\"text-align: justify;\">Los tests de personalidad permite conocer cu\u00e1l es nuestro estilo natural de comportamiento,<br \/>\nhabilidades interpersonales, e intrapersonales es fundamental en el desarrollo personal y profesional.<\/p>\n<p>[\/vc_icon][\/vc_column][vc_column width=\u00bb1\/3&#8243;][vc_icon icon_color=\u00bbcolor-xsdn\u00bb size=\u00bbfa-3x\u00bb text_weight=\u00bb300&#8243; text_space=\u00bbfontspace-781688&#8243; title=\u00bbClima laboral\u00bb]<\/p>\n<p style=\"text-align: justify;\">Evaluar el clima laboral de nuestra empresa nos ayudara a tomar las decisiones necesarias para<br \/>\nmejorar lo niveles de productividad de nuestra organizaci\u00f3n.<\/p>\n<p>[\/vc_icon][\/vc_column][\/vc_row]<\/p>\n","protected":false},"excerpt":{"rendered":"<p>[vc_row row_height_percent=\u00bb0&#8243; override_padding=\u00bbyes\u00bb h_padding=\u00bb2&#8243; top_padding=\u00bb2&#8243; bottom_padding=\u00bb2&#8243; overlay_alpha=\u00bb50&#8243; gutter_size=\u00bb4&#8243; column_width_percent=\u00bb100&#8243; shift_y=\u00bb0&#8243; z_index=\u00bb0&#8243;][vc_column width=\u00bb1\/3&#8243;][vc_icon icon_color=\u00bbcolor-xsdn\u00bb size=\u00bbfa-3x\u00bb text_weight=\u00bb300&#8243; text_space=\u00bbfontspace-781688&#8243; title=\u00bbSelecc\u00f3n de personal\u00bb] Nuestras [&hellip;]<\/p>\n","protected":false},"author":1,"featured_media":0,"parent":0,"menu_order":0,"comment_status":"closed","ping_status":"closed","template":"","meta":[],"_links":{"self":[{"href":"https:\/\/shumantalent.com\/index.php\/wp-json\/wp\/v2\/pages\/83071"}],"collection":[{"href":"https:\/\/shumantalent.com\/index.php\/wp-json\/wp\/v2\/pages"}],"about":[{"href":"https:\/\/shumantalent.com\/index.php\/wp-json\/wp\/v2\/types\/page"}],"author":[{"embeddable":true,"href":"https:\/\/shumantalent.com\/index.php\/wp-json\/wp\/v2\/users\/1"}],"replies":[{"embeddable":true,"href":"https:\/\/shumantalent.com\/index.php\/wp-json\/wp\/v2\/comments?post=83071"}],"version-history":[{"count":29,"href":"https:\/\/shumantalent.com\/index.php\/wp-json\/wp\/v2\/pages\/83071\/revisions"}],"predecessor-version":[{"id":83211,"href":"https:\/\/shumantalent.com\/index.php\/wp-json\/wp\/v2\/pages\/83071\/revisions\/83211"}],"wp:attachment":[{"href":"https:\/\/shumantalent.com\/index.php\/wp-json\/wp\/v2\/media?parent=83071"}],"curies":[{"name":"wp","href":"https:\/\/api.w.org\/{rel}","templated":true}]}}