{"id":83621,"date":"2020-04-16T17:12:52","date_gmt":"2020-04-16T17:12:52","guid":{"rendered":"http:\/\/144.76.63.27\/wordpress\/?page_id=83621"},"modified":"2020-07-24T21:10:23","modified_gmt":"2020-07-24T21:10:23","slug":"copy-shop-classic","status":"publish","type":"page","link":"https:\/\/shumantalent.com\/index.php\/copy-shop-classic\/","title":{"rendered":"Copy Shop Classic"},"content":{"rendered":"<p>[vc_row][vc_column width=\u00bb1\/1&#8243;][uncode_index el_id=\u00bbindex-15687&#8243; loop=\u00bbsize:6|order_by:ID|order:ASC|post_type:product|by_id:18907,19261,18934,19235,19263,18965&#8243; gutter_size=\u00bb2&#8243; post_items=\u00bbtitle,media,text,link,author,date,category,extra\u00bb page_items=\u00bbtitle,media,text,category\u00bb product_items=\u00bbtitle,media|featured|onpost|original|show-sale|enhanced-atc,price|inline,spacer|half,text|excerpt\u00bb portfolio_items=\u00bbtitle,media,text,category\u00bb screen_lg=\u00bb900&#8243; screen_md=\u00bb600&#8243; screen_sm=\u00bb300&#8243; images_size=\u00bbfour-three\u00bb single_shape=\u00bbround\u00bb radius=\u00bbxs\u00bb single_overlay_opacity=\u00bb20&#8243; single_image_anim=\u00bbno\u00bb single_h_align=\u00bbcenter\u00bb single_padding=\u00bb1&#8243; single_title_family=\u00bbfont-762333&#8243; single_title_dimension=\u00bbfontsize-160000&#8243; single_title_weight=\u00bb700&#8243; single_title_transform=\u00bbuppercase\u00bb single_title_space=\u00bbfontspace-781688&#8243; single_border=\u00bbyes\u00bb single_css_animation=\u00bbbottom-t-top\u00bb single_animation_delay=\u00bb200&#8243; no_double_tap=\u00bbyes\u00bb carousel_rtl=\u00bb\u00bb single_title_uppercase=\u00bb\u00bb filtering_menu=\u00bbinline\u00bb single_block_click=\u00bb\u00bb single_text_hover=\u00bb\u00bb single_no_background=\u00bb\u00bb single_title_serif=\u00bb\u00bb single_title_divider=\u00bb\u00bb order_ids=\u00bb18907,19261,19235,18934,19263,18965&#8243; items=\u00bbeyIxOTIzNV9pIjp7InRleHRfbGVuZ3RoIjoiODAiLCJzaW5nbGVfbGF5b3V0X3Byb2R1Y3RfaXRlbXMiOiJ0aXRsZSxtZWRpYXxmZWF0dXJlZHxvbnBvc3R8b3JpZ2luYWx8c2hvdy1zYWxlfGVuaGFuY2VkLWF0YyxwcmljZXxpbmxpbmUsc3BhY2VyfGhhbGYsdGV4dHxleGNlcnB0LHRpdGxlLG1lZGlhfGZlYXR1cmVkfG9ucG9zdHxvcmlnaW5hbHxzaG93LXNhbGV8ZW5oYW5jZWQtYXRjLHByaWNlfGlubGluZSxzcGFjZXJ8aGFsZix0ZXh0fGV4Y2VycHQsdGl0bGUsbWVkaWF8ZmVhdHVyZWR8b25wb3N0fG9yaWdpbmFsfHNob3ctc2FsZXxlbmhhbmNlZC1hdGMscHJpY2V8aW5saW5lLHNwYWNlcnxoYWxmLHRleHR8ZXhjZXJwdCJ9LCIxODk2NV9pIjp7InRleHRfbGVuZ3RoIjoiODAiLCJzaW5nbGVfbGF5b3V0X3Byb2R1Y3RfaXRlbXMiOiJ0aXRsZSxtZWRpYXxmZWF0dXJlZHxvbnBvc3R8b3JpZ2luYWx8c2hvdy1zYWxlfGVuaGFuY2VkLWF0YyxwcmljZXxpbmxpbmUsc3BhY2VyfGhhbGYsdGV4dHxleGNlcnB0In19&#8243;][\/vc_column][\/vc_row][vc_row][vc_column width=\u00bb1\/1&#8243;][vc_custom_heading]Personas[\/vc_custom_heading][vc_row_inner limit_content=\u00bb\u00bb][vc_column_inner width=\u00bb1\/2&#8243;][vc_single_image media=\u00bb83463&#8243; media_width_percent=\u00bb100&#8243;][\/vc_column_inner][vc_column_inner width=\u00bb1\/2&#8243;][vc_column_text]<span style=\"font-weight: 400;\">Personas que deseen potencializar sus habilidades y competencias, para conseguir el trabajo so\u00f1ado, hacer un plan de crecimiento profesional, o simplemente valorar sus competencias y habilidades para generar un plan de mejora.<\/span><\/p>\n<p><span style=\"font-weight: 400;\">Si eres candidato para un cargo o simplemente deseas valorar y desarrollar tus habilidades y competencias puedes adquirir nuestra herramienta solo por 15 USD\u00a0 Obtenla AQUI! y obtendr\u00e1s de manera inmediata tus resultados para prepararte para tu pr\u00f3xima entrevista, o sencillamente para valorar tus habilidades y competencias.<\/span>[\/vc_column_text][\/vc_column_inner][\/vc_row_inner][vc_row_inner limit_content=\u00bb\u00bb][vc_column_inner width=\u00bb1\/2&#8243;][vc_empty_space empty_h=\u00bb0&#8243;][\/vc_column_inner][vc_column_inner width=\u00bb1\/2&#8243;][vc_custom_heading]Empresas[\/vc_custom_heading][\/vc_column_inner][\/vc_row_inner][vc_row_inner limit_content=\u00bb\u00bb][vc_column_inner width=\u00bb1\/2&#8243;][vc_column_text]<span style=\"font-weight: 400;\">Compa\u00f1\u00edas apoyando sus procesos de selecci\u00f3n, capacitaci\u00f3n y desarrollo. Dise\u00f1adas para medir: Adaptaci\u00f3n de la persona a un puesto de trabajo<\/span><\/p>\n<ul>\n<li><span style=\"font-weight: 400;\">Intereses<\/span><\/li>\n<li><span style=\"font-weight: 400;\">Personalidad\u00a0<\/span><\/li>\n<li><span style=\"font-weight: 400;\">Competencias<\/span><\/li>\n<li><span style=\"font-weight: 400;\">Habilidades\u00a0<\/span><\/li>\n<li><span style=\"font-weight: 400;\">Areas de desarrollo<\/span><\/li>\n<li><span style=\"font-weight: 400;\">Estilo de trabajo<\/span><\/li>\n<\/ul>\n<p><span style=\"font-weight: 400;\">Acceder a ellas es muy f\u00e1cil si eres compa\u00f1\u00eda puede adquirir uno de nuestros paquetes con precios especiales y aplicarlo a sus colaboradores, igual si es Coach, y visualizarlos de manera inmediata COMPRA AQUI Obt\u00e9n informaci\u00f3n de nuestros paquetes especiales<\/span>[\/vc_column_text][\/vc_column_inner][vc_column_inner width=\u00bb1\/2&#8243;][vc_single_image media=\u00bb83675&#8243; media_width_percent=\u00bb100&#8243;][\/vc_column_inner][\/vc_row_inner][\/vc_column][\/vc_row]<\/p>\n","protected":false},"excerpt":{"rendered":"<p>[vc_row][vc_column width=\u00bb1\/1&#8243;][uncode_index el_id=\u00bbindex-15687&#8243; loop=\u00bbsize:6|order_by:ID|order:ASC|post_type:product|by_id:18907,19261,18934,19235,19263,18965&#8243; gutter_size=\u00bb2&#8243; post_items=\u00bbtitle,media,text,link,author,date,category,extra\u00bb page_items=\u00bbtitle,media,text,category\u00bb product_items=\u00bbtitle,media|featured|onpost|original|show-sale|enhanced-atc,price|inline,spacer|half,text|excerpt\u00bb portfolio_items=\u00bbtitle,media,text,category\u00bb screen_lg=\u00bb900&#8243; screen_md=\u00bb600&#8243; screen_sm=\u00bb300&#8243; images_size=\u00bbfour-three\u00bb single_shape=\u00bbround\u00bb radius=\u00bbxs\u00bb single_overlay_opacity=\u00bb20&#8243; single_image_anim=\u00bbno\u00bb single_h_align=\u00bbcenter\u00bb single_padding=\u00bb1&#8243; single_title_family=\u00bbfont-762333&#8243; [&hellip;]<\/p>\n","protected":false},"author":1,"featured_media":83512,"parent":0,"menu_order":0,"comment_status":"closed","ping_status":"closed","template":"","meta":[],"_links":{"self":[{"href":"https:\/\/shumantalent.com\/index.php\/wp-json\/wp\/v2\/pages\/83621"}],"collection":[{"href":"https:\/\/shumantalent.com\/index.php\/wp-json\/wp\/v2\/pages"}],"about":[{"href":"https:\/\/shumantalent.com\/index.php\/wp-json\/wp\/v2\/types\/page"}],"author":[{"embeddable":true,"href":"https:\/\/shumantalent.com\/index.php\/wp-json\/wp\/v2\/users\/1"}],"replies":[{"embeddable":true,"href":"https:\/\/shumantalent.com\/index.php\/wp-json\/wp\/v2\/comments?post=83621"}],"version-history":[{"count":46,"href":"https:\/\/shumantalent.com\/index.php\/wp-json\/wp\/v2\/pages\/83621\/revisions"}],"predecessor-version":[{"id":83997,"href":"https:\/\/shumantalent.com\/index.php\/wp-json\/wp\/v2\/pages\/83621\/revisions\/83997"}],"wp:featuredmedia":[{"embeddable":true,"href":"https:\/\/shumantalent.com\/index.php\/wp-json\/wp\/v2\/media\/83512"}],"wp:attachment":[{"href":"https:\/\/shumantalent.com\/index.php\/wp-json\/wp\/v2\/media?parent=83621"}],"curies":[{"name":"wp","href":"https:\/\/api.w.org\/{rel}","templated":true}]}}