{"id":83975,"date":"2020-07-21T19:24:21","date_gmt":"2020-07-21T19:24:21","guid":{"rendered":"http:\/\/144.76.63.27\/wordpress\/?page_id=83975"},"modified":"2021-01-15T17:33:45","modified_gmt":"2021-01-15T17:33:45","slug":"servicios-copy","status":"publish","type":"page","link":"https:\/\/shumantalent.com\/index.php\/servicios-copy\/","title":{"rendered":"Servicios Copy"},"content":{"rendered":"<p>[vc_row row_height_percent=\u00bb0&#8243; override_padding=\u00bbyes\u00bb h_padding=\u00bb2&#8243; top_padding=\u00bb0&#8243; bottom_padding=\u00bb0&#8243; overlay_alpha=\u00bb50&#8243; gutter_size=\u00bb3&#8243; column_width_percent=\u00bb100&#8243; shift_y=\u00bb0&#8243; z_index=\u00bb0&#8243;][vc_column column_width_percent=\u00bb100&#8243; gutter_size=\u00bb3&#8243; override_padding=\u00bbyes\u00bb column_padding=\u00bb3&#8243; back_color=\u00bbcolor-xsdn\u00bb overlay_alpha=\u00bb50&#8243; shift_x=\u00bb0&#8243; shift_y=\u00bb-4&#8243; shift_y_fixed=\u00bbyes\u00bb shift_y_down=\u00bb0&#8243; z_index=\u00bb0&#8243; medium_width=\u00bb0&#8243; mobile_width=\u00bb0&#8243; width=\u00bb1\/1&#8243;][vc_row_inner row_inner_height_percent=\u00bb0&#8243; overlay_alpha=\u00bb50&#8243; equal_height=\u00bbyes\u00bb gutter_size=\u00bb0&#8243; shift_y=\u00bb0&#8243; limit_content=\u00bb\u00bb][vc_column_inner column_width_percent=\u00bb100&#8243; position_vertical=\u00bbmiddle\u00bb align_horizontal=\u00bbalign_right\u00bb gutter_size=\u00bb3&#8243; override_padding=\u00bbyes\u00bb column_padding=\u00bb2&#8243; overlay_alpha=\u00bb50&#8243; border_color=\u00bbcolor-gyho\u00bb border_style=\u00bbsolid\u00bb shift_x=\u00bb0&#8243; shift_y=\u00bb0&#8243; shift_y_down=\u00bb0&#8243; z_index=\u00bb0&#8243; medium_width=\u00bb2&#8243; align_mobile=\u00bbalign_center_mobile\u00bb mobile_width=\u00bb0&#8243; width=\u00bb3\/12&#8243; css=\u00bb.vc_custom_1495102345881{border-right-width: 1px !important;}\u00bb][vc_custom_heading heading_semantic=\u00bbh3&#8243; text_size=\u00bbh3&#8243; text_weight=\u00bb200&#8243; text_transform=\u00bbuppercase\u00bb text_space=\u00bbfontspace-781688&#8243;]\u00bfQUE HACEMOS?[\/vc_custom_heading][\/vc_column_inner][vc_column_inner column_width_percent=\u00bb100&#8243; position_vertical=\u00bbmiddle\u00bb gutter_size=\u00bb3&#8243; override_padding=\u00bbyes\u00bb column_padding=\u00bb2&#8243; overlay_alpha=\u00bb50&#8243; shift_x=\u00bb0&#8243; shift_y=\u00bb0&#8243; shift_y_down=\u00bb0&#8243; z_index=\u00bb0&#8243; medium_width=\u00bb6&#8243; align_mobile=\u00bbalign_center_mobile\u00bb mobile_width=\u00bb0&#8243; width=\u00bb9\/12&#8243;][vc_custom_heading text_size=\u00bbfontsize-155944&#8243; text_weight=\u00bb200&#8243; text_space=\u00bbfontspace-781688&#8243;]Servicios[\/vc_custom_heading][\/vc_column_inner][\/vc_row_inner][\/vc_column][\/vc_row][vc_row row_height_percent=\u00bb0&#8243; override_padding=\u00bbyes\u00bb h_padding=\u00bb2&#8243; top_padding=\u00bb0&#8243; bottom_padding=\u00bb0&#8243; overlay_alpha=\u00bb50&#8243; gutter_size=\u00bb3&#8243; column_width_percent=\u00bb100&#8243; shift_y=\u00bb0&#8243; z_index=\u00bb0&#8243;][vc_column column_width_use_pixel=\u00bbyes\u00bb gutter_size=\u00bb2&#8243; overlay_alpha=\u00bb50&#8243; shift_x=\u00bb0&#8243; shift_y=\u00bb0&#8243; shift_y_down=\u00bb0&#8243; z_index=\u00bb0&#8243; medium_width=\u00bb0&#8243; align_mobile=\u00bbalign_center_mobile\u00bb mobile_width=\u00bb0&#8243; width=\u00bb1\/1&#8243; column_width_pixel=\u00bb800&#8243;][vc_column_text text_lead=\u00bbyes\u00bb]Realizamos un an\u00e1lisis exhaustivo de las necesidades actuales y futuras de nuestros Clientes, dise\u00f1amos y ejecutamos aquellas acciones necesarias para obtener y alcanzar los resultados y objetivos previstos por las compa\u00f1ias.[\/vc_column_text][\/vc_column][\/vc_row][vc_row row_height_percent=\u00bb0&#8243; override_padding=\u00bbyes\u00bb h_padding=\u00bb0&#8243; top_padding=\u00bb0&#8243; bottom_padding=\u00bb3&#8243; overlay_alpha=\u00bb50&#8243; gutter_size=\u00bb3&#8243; column_width_percent=\u00bb100&#8243; shift_y=\u00bb0&#8243; z_index=\u00bb0&#8243; medium_visibility=\u00bbyes\u00bb mobile_visibility=\u00bbyes\u00bb][vc_column width=\u00bb1\/1&#8243;][vc_separator][\/vc_column][\/vc_row][vc_row row_height_percent=\u00bb0&#8243; override_padding=\u00bbyes\u00bb h_padding=\u00bb2&#8243; top_padding=\u00bb0&#8243; bottom_padding=\u00bb0&#8243; overlay_alpha=\u00bb50&#8243; gutter_size=\u00bb3&#8243; column_width_percent=\u00bb100&#8243; shift_y=\u00bb0&#8243; z_index=\u00bb0&#8243;][vc_column column_width_use_pixel=\u00bbyes\u00bb gutter_size=\u00bb3&#8243; overlay_alpha=\u00bb50&#8243; shift_x=\u00bb0&#8243; shift_y=\u00bb0&#8243; shift_y_down=\u00bb0&#8243; z_index=\u00bb0&#8243; medium_width=\u00bb0&#8243; align_mobile=\u00bbalign_center_mobile\u00bb mobile_width=\u00bb0&#8243; width=\u00bb1\/1&#8243; column_width_pixel=\u00bb800&#8243;][vc_row_inner limit_content=\u00bb\u00bb][vc_column_inner column_width_percent=\u00bb100&#8243; align_horizontal=\u00bbalign_center\u00bb gutter_size=\u00bb2&#8243; overlay_alpha=\u00bb50&#8243; shift_x=\u00bb0&#8243; shift_y=\u00bb0&#8243; shift_y_down=\u00bb0&#8243; z_index=\u00bb0&#8243; medium_width=\u00bb0&#8243; mobile_width=\u00bb0&#8243; width=\u00bb1\/1&#8243;][vc_custom_heading heading_semantic=\u00bbh6&#8243; text_size=\u00bbfontsize-155944&#8243; text_weight=\u00bb300&#8243; text_space=\u00bbfontspace-111509&#8243; text_color=\u00bbcolor-wvjs\u00bb]Acerca de nuestros servicios[\/vc_custom_heading][\/vc_column_inner][\/vc_row_inner][\/vc_column][\/vc_row][vc_row unlock_row_content=\u00bbyes\u00bb row_height_percent=\u00bb0&#8243; override_padding=\u00bbyes\u00bb h_padding=\u00bb0&#8243; top_padding=\u00bb0&#8243; bottom_padding=\u00bb0&#8243; overlay_alpha=\u00bb50&#8243; equal_height=\u00bbyes\u00bb gutter_size=\u00bb0&#8243; column_width_percent=\u00bb100&#8243; shift_y=\u00bb0&#8243; z_index=\u00bb0&#8243;][vc_column column_width_percent=\u00bb90&#8243; gutter_size=\u00bb0&#8243; override_padding=\u00bbyes\u00bb column_padding=\u00bb4&#8243; overlay_alpha=\u00bb50&#8243; shift_x=\u00bb0&#8243; shift_y=\u00bb0&#8243; shift_y_down=\u00bb0&#8243; z_index=\u00bb0&#8243; medium_width=\u00bb0&#8243; mobile_width=\u00bb0&#8243; width=\u00bb1\/2&#8243;][vc_icon icon=\u00bbfa fa-id-badge\u00bb icon_color=\u00bbaccent\u00bb background_style=\u00bbfa-rounded\u00bb size=\u00bbfa-3x\u00bb heading_semantic=\u00bbh6&#8243; text_font=\u00bbfont-156269&#8243; text_size=\u00bbh4&#8243; text_space=\u00bbfontspace-781688&#8243; css_animation=\u00bbzoom-out\u00bb animation_delay=\u00bb200&#8243; align=\u00bbleft\u00bb title=\u00bbSELECCI\u00d3N DE PERSONAL EJECUTIVO Y GERENCIAL\u00bb el_id=\u00bbselection\u00bb]Nos especializamos en suplir los mejores candidatos para requerimientos de alto impacto en su organizaci\u00f3n a trav\u00e9s de un trato personalizado y de proximidad.<br \/>\nAsegure el mejor talento para sus necesidades estrat\u00e9gicas.<\/p>\n<p>Nuestra experiencia en Ecuador, Mexico, Chile, Per\u00fa y Colombia nos ha permitido entender la din\u00e1mica de los mercados de una manera global que aumenta la exigencia de cada candidato para tomar una posici\u00f3n de alto impacto.[\/vc_icon][\/vc_column][vc_column column_width_percent=\u00bb90&#8243; gutter_size=\u00bb0&#8243; override_padding=\u00bbyes\u00bb column_padding=\u00bb4&#8243; overlay_alpha=\u00bb50&#8243; shift_x=\u00bb0&#8243; shift_y=\u00bb0&#8243; shift_y_down=\u00bb0&#8243; z_index=\u00bb0&#8243; medium_width=\u00bb0&#8243; mobile_width=\u00bb0&#8243; width=\u00bb1\/2&#8243;][vc_icon icon=\u00bbfa fa-search\u00bb icon_color=\u00bbaccent\u00bb background_style=\u00bbfa-rounded\u00bb size=\u00bbfa-3x\u00bb heading_semantic=\u00bbh6&#8243; text_font=\u00bbfont-156269&#8243; text_size=\u00bbh4&#8243; text_space=\u00bbfontspace-781688&#8243; css_animation=\u00bbzoom-out\u00bb animation_delay=\u00bb400&#8243; align=\u00bbleft\u00bb title=\u00bbASSESSMENT PARA BUSQUEDA LABORAL O DESARROLLO DE PLAN DE CARRERA\u00bb el_id=\u00bbselection\u00bb]Ha pensado usted que siempre estamos prepar\u00e1ndonos a nivel educativo para lograr tener las mejores opciones laborales, pero realmente nos hemos preparado para afrontar con \u00e9xito las entrevistas y oportunidades de crecimiento laboral?.<br \/>\nPor que no prepararnos con acompa\u00f1amiento profesional que nos brinde estrategias de \u00e9xito para crear as\u00ed el perfil profesional que nos lleve a conseguir el camino laboral que deseamos, y afrontar con \u00e9xito cada oportunidad de crecimiento que se nos presenten.[\/vc_icon][\/vc_column][\/vc_row][vc_row unlock_row_content=\u00bbyes\u00bb row_height_percent=\u00bb0&#8243; override_padding=\u00bbyes\u00bb h_padding=\u00bb0&#8243; top_padding=\u00bb0&#8243; bottom_padding=\u00bb2&#8243; overlay_alpha=\u00bb50&#8243; equal_height=\u00bbyes\u00bb gutter_size=\u00bb0&#8243; column_width_percent=\u00bb100&#8243; shift_y=\u00bb0&#8243; z_index=\u00bb0&#8243;][vc_column column_width_percent=\u00bb90&#8243; gutter_size=\u00bb0&#8243; override_padding=\u00bbyes\u00bb column_padding=\u00bb4&#8243; overlay_alpha=\u00bb50&#8243; shift_x=\u00bb0&#8243; shift_y=\u00bb0&#8243; shift_y_down=\u00bb0&#8243; z_index=\u00bb0&#8243; medium_width=\u00bb0&#8243; mobile_width=\u00bb0&#8243; width=\u00bb1\/3&#8243;][vc_icon icon=\u00bbfa fa-bar-chart\u00bb icon_color=\u00bbaccent\u00bb background_style=\u00bbfa-rounded\u00bb size=\u00bbfa-3x\u00bb heading_semantic=\u00bbh6&#8243; text_font=\u00bbfont-156269&#8243; text_size=\u00bbh4&#8243; text_space=\u00bbfontspace-781688&#8243; css_animation=\u00bbzoom-out\u00bb animation_delay=\u00bb400&#8243; align=\u00bbleft\u00bb title=\u00bbAUTODESARROLLO PERSONAL Y PROFESIONAL\u00bb el_id=\u00bbauto\u00bb]<span style=\"font-weight: 400;\">Herramientas de personalidad permite conocer cu\u00e1l es nuestro estilo natural de comportamiento que son fundamentales en el desarrollo personal y profesional.<\/span>[\/vc_icon][\/vc_column][vc_column column_width_percent=\u00bb90&#8243; gutter_size=\u00bb3&#8243; override_padding=\u00bbyes\u00bb column_padding=\u00bb4&#8243; overlay_alpha=\u00bb50&#8243; shift_x=\u00bb0&#8243; shift_y=\u00bb0&#8243; shift_y_down=\u00bb0&#8243; z_index=\u00bb0&#8243; medium_width=\u00bb0&#8243; mobile_width=\u00bb0&#8243; width=\u00bb1\/3&#8243;][vc_icon icon=\u00bbfa fa-bar-graph-2&#8243; icon_color=\u00bbaccent\u00bb background_style=\u00bbfa-rounded\u00bb size=\u00bbfa-3x\u00bb text_font=\u00bbfont-156269&#8243; text_size=\u00bbh4&#8243; text_space=\u00bbfontspace-781688&#8243; css_animation=\u00bbzoom-out\u00bb animation_delay=\u00bb200&#8243; align=\u00bbleft\u00bb title=\u00bbCOACH EMPRESARIAL Y GERENCIAL\u00bb el_id=\u00bbcoach\u00bb]<span style=\"font-weight: 400;\">Asesoramos y apoyamos su proyecto o emprendimiento, mediante herramientas que realizan lectura de competencias con indicadores de fortalezas y \u00e1reas de desarrollo, que soportan estrat\u00e9gicamente\u00a0 su \u00e9xito profesional.Apoyados por profesionales expertos en competencias lo que permite asegurar el \u00e9xito estrat\u00e9gico de su empresa.<\/span>[\/vc_icon][\/vc_column][vc_column column_width_percent=\u00bb90&#8243; gutter_size=\u00bb3&#8243; override_padding=\u00bbyes\u00bb column_padding=\u00bb4&#8243; overlay_alpha=\u00bb50&#8243; shift_x=\u00bb0&#8243; shift_y=\u00bb0&#8243; shift_y_down=\u00bb0&#8243; z_index=\u00bb0&#8243; medium_width=\u00bb0&#8243; mobile_width=\u00bb0&#8243; width=\u00bb1\/3&#8243;][vc_icon icon=\u00bbfa fa-smile-o\u00bb icon_color=\u00bbaccent\u00bb background_style=\u00bbfa-rounded\u00bb size=\u00bbfa-3x\u00bb heading_semantic=\u00bbh2&#8243; text_font=\u00bbfont-156269&#8243; text_size=\u00bbh4&#8243; text_space=\u00bbfontspace-781688&#8243; css_animation=\u00bbzoom-out\u00bb animation_delay=\u00bb200&#8243; align=\u00bbleft\u00bb title=\u00bbINTELIGENCIA EMOCIONAL\u00bb el_id=\u00bbemotional\u00bb]<span style=\"font-weight: 400;\">Medir y analizar la inteligencia emocional para reconocer, entender y manejar nuestras emociones nos permite relacionarnos con las personas de nuestro entorno laboral de forma adecuada y exitosa, nuestras asesor\u00edas ayudan a entender y manejar de manera adecuada el entorno y nuestro interior.<\/span>[\/vc_icon][\/vc_column][\/vc_row]<\/p>\n","protected":false},"excerpt":{"rendered":"<p>[vc_row row_height_percent=\u00bb0&#8243; override_padding=\u00bbyes\u00bb h_padding=\u00bb2&#8243; top_padding=\u00bb0&#8243; bottom_padding=\u00bb0&#8243; overlay_alpha=\u00bb50&#8243; gutter_size=\u00bb3&#8243; column_width_percent=\u00bb100&#8243; shift_y=\u00bb0&#8243; z_index=\u00bb0&#8243;][vc_column column_width_percent=\u00bb100&#8243; gutter_size=\u00bb3&#8243; override_padding=\u00bbyes\u00bb column_padding=\u00bb3&#8243; back_color=\u00bbcolor-xsdn\u00bb overlay_alpha=\u00bb50&#8243; shift_x=\u00bb0&#8243; shift_y=\u00bb-4&#8243; shift_y_fixed=\u00bbyes\u00bb [&hellip;]<\/p>\n","protected":false},"author":1,"featured_media":83789,"parent":0,"menu_order":0,"comment_status":"closed","ping_status":"closed","template":"","meta":[],"_links":{"self":[{"href":"https:\/\/shumantalent.com\/index.php\/wp-json\/wp\/v2\/pages\/83975"}],"collection":[{"href":"https:\/\/shumantalent.com\/index.php\/wp-json\/wp\/v2\/pages"}],"about":[{"href":"https:\/\/shumantalent.com\/index.php\/wp-json\/wp\/v2\/types\/page"}],"author":[{"embeddable":true,"href":"https:\/\/shumantalent.com\/index.php\/wp-json\/wp\/v2\/users\/1"}],"replies":[{"embeddable":true,"href":"https:\/\/shumantalent.com\/index.php\/wp-json\/wp\/v2\/comments?post=83975"}],"version-history":[{"count":4,"href":"https:\/\/shumantalent.com\/index.php\/wp-json\/wp\/v2\/pages\/83975\/revisions"}],"predecessor-version":[{"id":84116,"href":"https:\/\/shumantalent.com\/index.php\/wp-json\/wp\/v2\/pages\/83975\/revisions\/84116"}],"wp:featuredmedia":[{"embeddable":true,"href":"https:\/\/shumantalent.com\/index.php\/wp-json\/wp\/v2\/media\/83789"}],"wp:attachment":[{"href":"https:\/\/shumantalent.com\/index.php\/wp-json\/wp\/v2\/media?parent=83975"}],"curies":[{"name":"wp","href":"https:\/\/api.w.org\/{rel}","templated":true}]}}