{"id":83978,"date":"2020-07-21T19:55:34","date_gmt":"2020-07-21T19:55:34","guid":{"rendered":"http:\/\/144.76.63.27\/wordpress\/?page_id=83978"},"modified":"2020-11-19T18:41:45","modified_gmt":"2020-11-19T18:41:45","slug":"product-digital-copyy","status":"publish","type":"page","link":"https:\/\/shumantalent.com\/index.php\/product-digital-copyy\/","title":{"rendered":"Product Digital Copyy"},"content":{"rendered":"<p>[vc_row row_height_percent=\u00bb0&#8243; override_padding=\u00bbyes\u00bb h_padding=\u00bb2&#8243; top_padding=\u00bb4&#8243; bottom_padding=\u00bb4&#8243; overlay_alpha=\u00bb50&#8243; gutter_size=\u00bb4&#8243; column_width_percent=\u00bb100&#8243; shift_y=\u00bb0&#8243; z_index=\u00bb0&#8243;][vc_column column_width_percent=\u00bb100&#8243; gutter_size=\u00bb3&#8243; overlay_alpha=\u00bb50&#8243; shift_x=\u00bb0&#8243; shift_y=\u00bb0&#8243; z_index=\u00bb0&#8243; medium_width=\u00bb0&#8243; mobile_width=\u00bb0&#8243; width=\u00bb1\/3&#8243;][vc_icon position=\u00bbleft\u00bb title_aligned_icon=\u00bbyes\u00bb icon=\u00bbfa fa-heart3&#8243; icon_color=\u00bbcolor-742106&#8243; background_style=\u00bbfa-squared\u00bb size=\u00bbfa-2x\u00bb heading_semantic=\u00bbh5&#8243; text_size=\u00bbh5&#8243; text_weight=\u00bb400&#8243; title=\u00bbAcompa\u00f1amiento personalizado.\u00bb]No solamente tienes la prueba tienes acompa\u00f1amiento personalizado en todo tu proceso.[\/vc_icon][\/vc_column][vc_column width=\u00bb1\/3&#8243;][vc_icon position=\u00bbleft\u00bb title_aligned_icon=\u00bbyes\u00bb icon=\u00bbfa fa-cog2&#8243; icon_color=\u00bbcolor-742106&#8243; background_style=\u00bbfa-squared\u00bb size=\u00bbfa-2x\u00bb heading_semantic=\u00bbh5&#8243; text_size=\u00bbh5&#8243; text_weight=\u00bb400&#8243; title=\u00bbAn\u00e1lisis a Profundidad de la persona\u00bb]Nuestros expertos revisar\u00e1n contigo tus resultados y te podr\u00e1n asesorar para mejorar tus fortalezas.[\/vc_icon][\/vc_column][vc_column width=\u00bb1\/3&#8243;][vc_icon position=\u00bbleft\u00bb title_aligned_icon=\u00bbyes\u00bb icon=\u00bbfa fa-speech-bubble\u00bb icon_color=\u00bbcolor-742106&#8243; background_style=\u00bbfa-squared\u00bb size=\u00bbfa-2x\u00bb heading_semantic=\u00bbh5&#8243; text_size=\u00bbh5&#8243; text_weight=\u00bb400&#8243; title=\u00bbSelecci\u00f3n de personal m\u00e1s efectiva y dinamica\u00bb]Permitenos colaborar en la selecci\u00f3n de personal para tu compa\u00f1\u00eda utilizando nuestras herramientas[\/vc_icon][\/vc_column][\/vc_row][vc_row][vc_column width=\u00bb1\/1&#8243;][vc_custom_heading]Nuestras pruebas a personas[\/vc_custom_heading][\/vc_column][\/vc_row][vc_row][vc_column width=\u00bb1\/1&#8243;][vc_row_inner limit_content=\u00bb\u00bb][vc_column_inner width=\u00bb2\/3&#8243;][vc_column_text]<span style=\"font-weight: 400;\">Personas que deseen potencializar sus habilidades y competencias, para conseguir el trabajo so\u00f1ado, hacer un plan de crecimiento profesional, o simplemente valorar sus competencias y habilidades para generar un plan de mejora.<\/span>[\/vc_column_text][\/vc_column_inner][vc_column_inner width=\u00bb1\/3&#8243;][vc_gallery el_id=\u00bbgallery-669977&#8243; medias=\u00bb83668&#8243; gutter_size=\u00bb3&#8243; screen_lg=\u00bb1000&#8243; screen_md=\u00bb600&#8243; screen_sm=\u00bb480&#8243; single_overlay_opacity=\u00bb50&#8243; single_padding=\u00bb2&#8243;][\/vc_column_inner][\/vc_row_inner][\/vc_column][\/vc_row][vc_row unlock_row_content=\u00bbyes\u00bb row_height_percent=\u00bb0&#8243; override_padding=\u00bbyes\u00bb h_padding=\u00bb2&#8243; top_padding=\u00bb4&#8243; bottom_padding=\u00bb4&#8243; back_color=\u00bbcolor-105898&#8243; overlay_alpha=\u00bb90&#8243; gutter_size=\u00bb3&#8243; column_width_percent=\u00bb100&#8243; border_color=\u00bbcolor-gyho\u00bb border_style=\u00bbsolid\u00bb shift_y=\u00bb0&#8243; z_index=\u00bb0&#8243; css=\u00bb.vc_custom_1495622152944{border-bottom-width: 1px !important;}\u00bb][vc_column column_width_percent=\u00bb100&#8243; align_horizontal=\u00bbalign_center\u00bb gutter_size=\u00bb3&#8243; style=\u00bbdark\u00bb overlay_alpha=\u00bb50&#8243; shift_x=\u00bb0&#8243; shift_y=\u00bb0&#8243; shift_y_down=\u00bb0&#8243; z_index=\u00bb0&#8243; medium_width=\u00bb0&#8243; mobile_width=\u00bb0&#8243; width=\u00bb1\/1&#8243;][vc_custom_heading text_weight=\u00bb300&#8243; text_space=\u00bbfontspace-781688&#8243;]Algunas capturas de nuestras pruebas a personas[\/vc_custom_heading][vc_gallery el_id=\u00bbgallery-2&#8243; type=\u00bbcarousel\u00bb medias=\u00bb83747,83749,83750,83751,83752&#8243; carousel_lg=\u00bb1&#8243; carousel_md=\u00bb1&#8243; carousel_sm=\u00bb1&#8243; gutter_size=\u00bb4&#8243; media_items=\u00bbmedia|nolink|original,icon\u00bb carousel_interval=\u00bb0&#8243; carousel_navspeed=\u00bb400&#8243; carousel_loop=\u00bbyes\u00bb carousel_overflow=\u00bbyes\u00bb carousel_dots=\u00bbyes\u00bb carousel_dots_mobile=\u00bbyes\u00bb stage_padding=\u00bb55&#8243; single_shape=\u00bbround\u00bb radius=\u00bbxs\u00bb single_overlay_opacity=\u00bb50&#8243; single_overlay_anim=\u00bbno\u00bb single_text_anim=\u00bbno\u00bb single_image_anim=\u00bbno\u00bb single_padding=\u00bb2&#8243; single_shadow=\u00bbyes\u00bb shadow_weight=\u00bbstd\u00bb single_border=\u00bbyes\u00bb lbox_caption=\u00bbyes\u00bb][\/vc_column][\/vc_row][vc_row][vc_column width=\u00bb1\/1&#8243;][vc_custom_heading]Nuestras pruebas a empresas[\/vc_custom_heading][\/vc_column][\/vc_row][vc_row][vc_column width=\u00bb1\/1&#8243;][vc_row_inner limit_content=\u00bb\u00bb][vc_column_inner width=\u00bb2\/3&#8243;][vc_column_text]<span style=\"font-weight: 400;\">Esta prueba se encuentra entre las herramientas de evaluaci\u00f3n conductual y an\u00e1lisis psicom\u00e9tricos m\u00e1s utilizados en el mundo de la Empresarial.<\/span><\/p>\n<p><span style=\"font-weight: 400;\">Y hay una buena raz\u00f3n para ello: se ha demostrado que la prueba y el perfil de DISC son altamente exitosos en el c<\/span><span style=\"font-weight: 400;\">ontexto laboral.<\/span>[\/vc_column_text][\/vc_column_inner][vc_column_inner width=\u00bb1\/3&#8243;][vc_gallery el_id=\u00bbgallery-669977&#8243; medias=\u00bb83541&#8243; gutter_size=\u00bb3&#8243; screen_lg=\u00bb1000&#8243; screen_md=\u00bb600&#8243; screen_sm=\u00bb480&#8243; single_overlay_opacity=\u00bb50&#8243; single_padding=\u00bb2&#8243;][\/vc_column_inner][\/vc_row_inner][\/vc_column][\/vc_row][vc_row unlock_row_content=\u00bbyes\u00bb row_height_percent=\u00bb0&#8243; override_padding=\u00bbyes\u00bb h_padding=\u00bb2&#8243; top_padding=\u00bb4&#8243; bottom_padding=\u00bb4&#8243; back_color=\u00bbcolor-105898&#8243; overlay_alpha=\u00bb90&#8243; gutter_size=\u00bb3&#8243; column_width_percent=\u00bb100&#8243; border_color=\u00bbcolor-gyho\u00bb border_style=\u00bbsolid\u00bb shift_y=\u00bb0&#8243; z_index=\u00bb0&#8243; css=\u00bb.vc_custom_1495622152944{border-bottom-width: 1px !important;}\u00bb][vc_column column_width_percent=\u00bb100&#8243; align_horizontal=\u00bbalign_center\u00bb gutter_size=\u00bb3&#8243; style=\u00bbdark\u00bb overlay_alpha=\u00bb50&#8243; shift_x=\u00bb0&#8243; shift_y=\u00bb0&#8243; shift_y_down=\u00bb0&#8243; z_index=\u00bb0&#8243; medium_width=\u00bb0&#8243; mobile_width=\u00bb0&#8243; width=\u00bb1\/1&#8243;][vc_custom_heading text_weight=\u00bb300&#8243; text_space=\u00bbfontspace-781688&#8243;]Algunas capturas de nuestras pruebas a empresas[\/vc_custom_heading][vc_gallery el_id=\u00bbgallery-1-620&#8243; type=\u00bbcarousel\u00bb medias=\u00bb83746,83735,83862,83872,83870,83747&#8243; carousel_lg=\u00bb1&#8243; carousel_md=\u00bb1&#8243; carousel_sm=\u00bb1&#8243; thumb_size=\u00bbtwo-one\u00bb gutter_size=\u00bb4&#8243; media_items=\u00bbmedia|nolink|original,icon\u00bb carousel_interval=\u00bb0&#8243; carousel_navspeed=\u00bb400&#8243; carousel_loop=\u00bbyes\u00bb carousel_overflow=\u00bbyes\u00bb carousel_dots=\u00bbyes\u00bb carousel_dots_mobile=\u00bbyes\u00bb stage_padding=\u00bb55&#8243; single_shape=\u00bbround\u00bb radius=\u00bbxs\u00bb single_overlay_opacity=\u00bb50&#8243; single_overlay_anim=\u00bbno\u00bb single_text_anim=\u00bbno\u00bb single_image_anim=\u00bbno\u00bb single_padding=\u00bb2&#8243; single_shadow=\u00bbyes\u00bb shadow_weight=\u00bbstd\u00bb single_border=\u00bbyes\u00bb lbox_caption=\u00bbyes\u00bb][\/vc_column][\/vc_row][vc_row][vc_column width=\u00bb1\/1&#8243;][vc_custom_heading]Introducci\u00f3n a nuestras pruebas[\/vc_custom_heading][\/vc_column][\/vc_row][vc_row][vc_column width=\u00bb1\/1&#8243;][vc_row_inner limit_content=\u00bb\u00bb][vc_column_inner width=\u00bb2\/3&#8243;][vc_column_text]<span style=\"font-weight: 400;\">Nuestras herramientas est\u00e1n basadas en la\u00a0 metodolog\u00eda DISC fue desarrollada por el psic\u00f3logo de Harvard\u00a0 William Moulton Marston a finales de la d\u00e9cada de 1920. Estableci\u00f3 una teor\u00eda seg\u00fan la cual las personas desarrollan cuatro factores claves: Dominancia, Influencia, Serenidad y Cumplimiento.\u00a0 En la actualidad es una herramienta muy eficaz utilizada por muchas empresas con el objetivo del desarrollo y valoraci\u00f3n de talento humano, e influye en \u00e1reas comerciales, estrat\u00e9gicas y en general a cumplir los objetivos profesionales y organizacionales.<\/span>[\/vc_column_text][\/vc_column_inner][vc_column_inner width=\u00bb1\/3&#8243;][vc_gallery el_id=\u00bbgallery-669977&#8243; medias=\u00bb83690&#8243; gutter_size=\u00bb3&#8243; screen_lg=\u00bb1000&#8243; screen_md=\u00bb600&#8243; screen_sm=\u00bb480&#8243; single_overlay_opacity=\u00bb50&#8243; single_padding=\u00bb2&#8243;][\/vc_column_inner][\/vc_row_inner][\/vc_column][\/vc_row][vc_row][vc_column width=\u00bb1\/3&#8243;][vc_single_image media=\u00bb83691&#8243; media_width_percent=\u00bb100&#8243;][\/vc_column][vc_column width=\u00bb2\/3&#8243;][vc_column_text]<span style=\"font-weight: 400;\">Esta metodolog\u00eda permite el estudio del comportamiento natural de cualquier persona cuando se enfrentan en distintas situaciones cotidianas. Se utiliza principalmente en el entorno personal, profesional y docente para evaluaci\u00f3n general y de profesionales. En el \u00e1mbito personal se puede realizar el test de autoevaluaci\u00f3n DISC que se compone por un grupo de evaluaciones que determinar\u00e1n factores de\u00a0 comportamiento a nivel individual o en grupo.<\/span><\/p>\n<p><span style=\"font-weight: 400;\">A nivel profesional y docente se pueden aplicar pruebas similares que se convierten en una herramienta clave para que las empresas pueden conocer mejor las reacciones que tendr\u00e1n los candidatos a un puesto, c\u00f3mo se desarrollar\u00e1n y cu\u00e1l ser\u00e1 su interacci\u00f3n con el resto de los colaboradores.<\/span><\/p>\n<p>&nbsp;<\/p>\n<p><span style=\"font-weight: 400;\">Esta prueba se encuentra entre las herramientas de evaluaci\u00f3n conductual y an\u00e1lisis psicom\u00e9tricos m\u00e1s utilizados en el mundo Empresarial.<\/span><\/p>\n<p><span style=\"font-weight: 400;\">Y hay una buena raz\u00f3n para ello: se ha demostrado que la prueba y el perfil de DISC son altamente exitosos en el c<\/span><span style=\"font-weight: 400;\">ontexto laboral. De hecho, en el Universo de corporativo\u00a0 es una Metodolog\u00eda efectiva para las Entrevistas de Trabajo y los Procesos de Selecci\u00f3n y desarrollo. El Test\u00a0 DISC ayuda a conocer las distintas Personalidades o perfiles de los candidatos y prev\u00e9 su futuro desempe\u00f1o en la Empresa u organizaci\u00f3n<\/span>[\/vc_column_text][\/vc_column][\/vc_row][vc_row unlock_row_content=\u00bbyes\u00bb row_height_percent=\u00bb0&#8243; override_padding=\u00bbyes\u00bb h_padding=\u00bb2&#8243; top_padding=\u00bb3&#8243; bottom_padding=\u00bb3&#8243; back_color=\u00bbcolor-lxmt\u00bb overlay_alpha=\u00bb50&#8243; gutter_size=\u00bb3&#8243; column_width_percent=\u00bb100&#8243; shift_y=\u00bb0&#8243; z_index=\u00bb2&#8243;][vc_column column_width_percent=\u00bb85&#8243; align_horizontal=\u00bbalign_center\u00bb gutter_size=\u00bb3&#8243; overlay_alpha=\u00bb50&#8243; shift_x=\u00bb0&#8243; shift_y=\u00bb0&#8243; shift_y_down=\u00bb-5&#8243; shift_y_down_fixed=\u00bbyes\u00bb z_index=\u00bb0&#8243; medium_width=\u00bb0&#8243; align_mobile=\u00bbalign_center_mobile\u00bb mobile_width=\u00bb0&#8243; width=\u00bb1\/2&#8243;][vc_custom_heading text_size=\u00bbh1&#8243; text_weight=\u00bb300&#8243; text_space=\u00bbfontspace-781688&#8243; sub_lead=\u00bbyes\u00bb sub_reduced=\u00bbyes\u00bb]<b>\u00bfQu\u00e9 hacen nuestras herramientas de desarrollo profesional?<\/b>[\/vc_custom_heading][vc_column_text]Nuestras herramientas tienen el objetivo de determinar diferentes factores, como la aptitud profesional de los candidatos, conocer la personalidad del profesional, su respuesta ante diferentes situaciones, la evaluaci\u00f3n de la motivaci\u00f3n entre otros. Estos son de gran ayuda para hacer mas efectivos procesos de selecci\u00f3n de personal y procesos de desarrollo profesional.[\/vc_column_text][\/vc_column][vc_column width=\u00bb1\/2&#8243;][vc_single_image media=\u00bb83685&#8243; media_width_percent=\u00bb100&#8243; alignment=\u00bbcenter\u00bb css_animation=\u00bbzoom-in\u00bb][\/vc_column][\/vc_row][vc_row row_height_percent=\u00bb0&#8243; override_padding=\u00bbyes\u00bb h_padding=\u00bb2&#8243; top_padding=\u00bb4&#8243; bottom_padding=\u00bb4&#8243; back_color=\u00bbcolor-105898&#8243; overlay_alpha=\u00bb50&#8243; gutter_size=\u00bb3&#8243; column_width_percent=\u00bb100&#8243; shift_y=\u00bb0&#8243; z_index=\u00bb0&#8243;][vc_column column_width_percent=\u00bb100&#8243; align_horizontal=\u00bbalign_center\u00bb gutter_size=\u00bb0&#8243; style=\u00bbdark\u00bb overlay_alpha=\u00bb50&#8243; shift_x=\u00bb0&#8243; shift_y=\u00bb0&#8243; shift_y_down=\u00bb0&#8243; z_index=\u00bb0&#8243; medium_width=\u00bb0&#8243; mobile_width=\u00bb0&#8243; width=\u00bb1\/1&#8243;][vc_custom_heading text_weight=\u00bb300&#8243;]Subscribe Now[\/vc_custom_heading][vc_empty_space empty_h=\u00bb2&#8243;][vc_row_inner limit_content=\u00bb\u00bb][vc_column_inner column_width_use_pixel=\u00bbyes\u00bb align_horizontal=\u00bbalign_center\u00bb gutter_size=\u00bb3&#8243; overlay_alpha=\u00bb50&#8243; shift_x=\u00bb0&#8243; shift_y=\u00bb0&#8243; shift_y_down=\u00bb0&#8243; z_index=\u00bb0&#8243; medium_width=\u00bb0&#8243; mobile_width=\u00bb0&#8243; width=\u00bb1\/1&#8243; column_width_pixel=\u00bb500&#8243;]<div role=\"form\" class=\"wpcf7\" id=\"wpcf7-f60824-o1\" lang=\"en-US\" dir=\"ltr\">\n<div class=\"screen-reader-response\"><p role=\"status\" aria-live=\"polite\" aria-atomic=\"true\"><\/p> <ul><\/ul><\/div>\n<form action=\"\/index.php\/wp-json\/wp\/v2\/pages\/83978#wpcf7-f60824-o1\" method=\"post\" class=\"wpcf7-form init no-labels-default form-no-labels\" novalidate=\"novalidate\" data-status=\"init\">\n<div style=\"display: none;\">\n<input type=\"hidden\" name=\"_wpcf7\" value=\"60824\" \/>\n<input type=\"hidden\" name=\"_wpcf7_version\" value=\"5.3\" \/>\n<input type=\"hidden\" name=\"_wpcf7_locale\" value=\"en_US\" \/>\n<input type=\"hidden\" name=\"_wpcf7_unit_tag\" value=\"wpcf7-f60824-o1\" \/>\n<input type=\"hidden\" name=\"_wpcf7_container_post\" value=\"0\" \/>\n<input type=\"hidden\" name=\"_wpcf7_posted_data_hash\" value=\"\" \/>\n<\/div>\n<div class=\"wpcf7-inline-wrapper wpcf7-input-group\">\n<p class=\"wpcf7-inline-field wpcf7-inline-field-text\"><span class=\"wpcf7-form-control-wrap your-email\"><input type=\"email\" name=\"your-email\" value=\"\" size=\"40\" class=\"wpcf7-form-control wpcf7-text wpcf7-email wpcf7-validates-as-required wpcf7-validates-as-email\" aria-required=\"true\" aria-invalid=\"false\" placeholder=\"Your Email\" \/><\/span><\/p>\n<p class=\"wpcf7-inline-field wpcf7-inline-field-btn\"><input type=\"submit\" value=\"Sign\" class=\"wpcf7-form-control wpcf7-submit btn btn-accent btn-flat\" \/><\/p>\n<\/div>\n<div class=\"wpcf7-response-output\" aria-hidden=\"true\"><\/div><\/form><\/div>[\/vc_column_inner][\/vc_row_inner][vc_row_inner limit_content=\u00bb\u00bb][vc_column_inner column_width_use_pixel=\u00bbyes\u00bb align_horizontal=\u00bbalign_center\u00bb gutter_size=\u00bb0&#8243; style=\u00bbdark\u00bb overlay_alpha=\u00bb50&#8243; shift_x=\u00bb0&#8243; shift_y=\u00bb0&#8243; shift_y_down=\u00bb0&#8243; z_index=\u00bb0&#8243; medium_width=\u00bb0&#8243; mobile_width=\u00bb0&#8243; width=\u00bb1\/1&#8243; column_width_pixel=\u00bb400&#8243;][vc_empty_space empty_h=\u00bb2&#8243;][vc_column_text]Subscribe to our newsletter to receive news &amp; updates. We promise to not spam you, super promise![\/vc_column_text][\/vc_column_inner][\/vc_row_inner][\/vc_column][\/vc_row]<\/p>\n","protected":false},"excerpt":{"rendered":"<p>[vc_row row_height_percent=\u00bb0&#8243; override_padding=\u00bbyes\u00bb h_padding=\u00bb2&#8243; top_padding=\u00bb4&#8243; bottom_padding=\u00bb4&#8243; overlay_alpha=\u00bb50&#8243; gutter_size=\u00bb4&#8243; column_width_percent=\u00bb100&#8243; shift_y=\u00bb0&#8243; z_index=\u00bb0&#8243;][vc_column column_width_percent=\u00bb100&#8243; gutter_size=\u00bb3&#8243; overlay_alpha=\u00bb50&#8243; shift_x=\u00bb0&#8243; shift_y=\u00bb0&#8243; z_index=\u00bb0&#8243; medium_width=\u00bb0&#8243; mobile_width=\u00bb0&#8243; width=\u00bb1\/3&#8243;][vc_icon [&hellip;]<\/p>\n","protected":false},"author":1,"featured_media":0,"parent":0,"menu_order":0,"comment_status":"closed","ping_status":"closed","template":"","meta":[],"_links":{"self":[{"href":"https:\/\/shumantalent.com\/index.php\/wp-json\/wp\/v2\/pages\/83978"}],"collection":[{"href":"https:\/\/shumantalent.com\/index.php\/wp-json\/wp\/v2\/pages"}],"about":[{"href":"https:\/\/shumantalent.com\/index.php\/wp-json\/wp\/v2\/types\/page"}],"author":[{"embeddable":true,"href":"https:\/\/shumantalent.com\/index.php\/wp-json\/wp\/v2\/users\/1"}],"replies":[{"embeddable":true,"href":"https:\/\/shumantalent.com\/index.php\/wp-json\/wp\/v2\/comments?post=83978"}],"version-history":[{"count":10,"href":"https:\/\/shumantalent.com\/index.php\/wp-json\/wp\/v2\/pages\/83978\/revisions"}],"predecessor-version":[{"id":84088,"href":"https:\/\/shumantalent.com\/index.php\/wp-json\/wp\/v2\/pages\/83978\/revisions\/84088"}],"wp:attachment":[{"href":"https:\/\/shumantalent.com\/index.php\/wp-json\/wp\/v2\/media?parent=83978"}],"curies":[{"name":"wp","href":"https:\/\/api.w.org\/{rel}","templated":true}]}}