{"id":18934,"date":"2017-02-21T15:49:09","date_gmt":"2017-02-21T15:49:09","guid":{"rendered":"https:\/\/undsgn.com\/uncode\/?post_type=product&#038;p=18934"},"modified":"2020-07-24T21:29:07","modified_gmt":"2020-07-24T21:29:07","slug":"black-embroidered-shirt","status":"publish","type":"product","link":"https:\/\/shumantalent.com\/index.php\/product\/black-embroidered-shirt\/","title":{"rendered":"Prueba habilidades"},"content":{"rendered":"<ul>\n<li><span style=\"font-weight: 400;\">Descubre y desarrolla \u00abLa mejor versi\u00f3n de ti mismo\u201d.\u00a0<\/span><\/li>\n<li><span style=\"font-weight: 400;\">Mide tus habilidades, competencias y desarrolla planes de acci\u00f3n para alcanzar los objetivos profesionales que te has propuesto. <\/span><span style=\"font-weight: 400;\">No te lo pierdas adquiere tu herramienta YA.<\/span><\/li>\n<\/ul>\n<p><span style=\"font-weight: 400;\">Consulta nuestras asesor\u00edas de acompa\u00f1amiento para manejar de manera efectiva a trav\u00e9s de nuestras herramientas las situaciones de cambio que est\u00e1n viviendo a nivel Global, y que as\u00ed puedas dar lo mejor de tu potencial en medio de momentos de crisis y cambios.<\/span><\/p>\n<p>&nbsp;<\/p>\n","protected":false},"excerpt":{"rendered":"<p>Alcanza tus objetivos descubre y desarrolla \u00abLa mejor versi\u00f3n de ti mismo\u201d.<\/p>\n","protected":false},"featured_media":83668,"template":"","meta":[],"_links":{"self":[{"href":"https:\/\/shumantalent.com\/index.php\/wp-json\/wp\/v2\/product\/18934"}],"collection":[{"href":"https:\/\/shumantalent.com\/index.php\/wp-json\/wp\/v2\/product"}],"about":[{"href":"https:\/\/shumantalent.com\/index.php\/wp-json\/wp\/v2\/types\/product"}],"wp:featuredmedia":[{"embeddable":true,"href":"https:\/\/shumantalent.com\/index.php\/wp-json\/wp\/v2\/media\/83668"}],"wp:attachment":[{"href":"https:\/\/shumantalent.com\/index.php\/wp-json\/wp\/v2\/media?parent=18934"}],"curies":[{"name":"wp","href":"https:\/\/api.w.org\/{rel}","templated":true}]}}