{"id":19235,"date":"2017-02-19T09:24:39","date_gmt":"2017-02-19T09:24:39","guid":{"rendered":"https:\/\/undsgn.com\/uncode\/?post_type=product&#038;p=19235"},"modified":"2020-07-24T21:29:43","modified_gmt":"2020-07-24T21:29:43","slug":"navy-silk-shirt","status":"publish","type":"product","link":"https:\/\/shumantalent.com\/index.php\/product\/navy-silk-shirt\/","title":{"rendered":"Prueba de Lectura de Motivadores"},"content":{"rendered":"<p>[vc_row][vc_column width=\u00bb1\/1&#8243;][vc_custom_heading subheading=\u00bbUse sus emociones a trav\u00e9s de la inteligencia emocional generando competencias exitosas para usted, para su equipo o negocio.<\/p>\n<p>Mida los motivadores que mueven su equipo de trabajo y ll\u00e9velos a alcanzar las metas propuestas.Rel\u00e1jese y use t\u00e9cnicas para regular el estr\u00e9s y ser mas h\u00e1bil en medio del cambio.\u00bb][\/vc_custom_heading][\/vc_column][\/vc_row]<\/p>\n","protected":false},"excerpt":{"rendered":"<p><span style=\"font-weight: 400;\">Usa tus emociones a trav\u00e9s de la inteligencia emocional generando competencias exitosas para ti, para tu equipo o negocio.\u00a0<\/span><\/p>\n","protected":false},"featured_media":83665,"template":"","meta":[],"_links":{"self":[{"href":"https:\/\/shumantalent.com\/index.php\/wp-json\/wp\/v2\/product\/19235"}],"collection":[{"href":"https:\/\/shumantalent.com\/index.php\/wp-json\/wp\/v2\/product"}],"about":[{"href":"https:\/\/shumantalent.com\/index.php\/wp-json\/wp\/v2\/types\/product"}],"wp:featuredmedia":[{"embeddable":true,"href":"https:\/\/shumantalent.com\/index.php\/wp-json\/wp\/v2\/media\/83665"}],"wp:attachment":[{"href":"https:\/\/shumantalent.com\/index.php\/wp-json\/wp\/v2\/media?parent=19235"}],"curies":[{"name":"wp","href":"https:\/\/api.w.org\/{rel}","templated":true}]}}