{"id":19261,"date":"2017-02-22T09:28:45","date_gmt":"2017-02-22T09:28:45","guid":{"rendered":"https:\/\/undsgn.com\/uncode\/?post_type=product&#038;p=19261"},"modified":"2020-07-24T21:28:47","modified_gmt":"2020-07-24T21:28:47","slug":"gold-zip-hoodie","status":"publish","type":"product","link":"https:\/\/shumantalent.com\/index.php\/product\/gold-zip-hoodie\/","title":{"rendered":"Prueba Comercial"},"content":{"rendered":"<p><span style=\"font-weight: 400;\">Aplica a tu equipo las herramientas para fortalecerlos en medio del cambio y que vean lo m\u00e1s positivo en cada situaci\u00f3n!. <\/span><span style=\"font-weight: 400;\">Mide las habilidades comerciales , desarrolla planes de acci\u00f3n para adquirir fortalezas en ventas.<\/span><\/p>\n<p>&nbsp;<\/p>\n<p><span style=\"font-weight: 400;\">Consulta nuestras asesor\u00edas de acompa\u00f1amiento para manejar de manera efectiva a trav\u00e9s de nuestras herramientas las situaciones de cambio que est\u00e1n viviendo a nivel Global, y que as\u00ed puedas dar lo mejor de tu potencial en medio de momentos de crisis y cambios.<\/span><\/p>\n","protected":false},"excerpt":{"rendered":"<p>Mide las habilidades comerciales de tu equipo, y fortalecelos en tiempos de cambio para alcanzar los resultados esperados por la organizaci\u00f3n.<\/p>\n","protected":false},"featured_media":83974,"template":"","meta":[],"_links":{"self":[{"href":"https:\/\/shumantalent.com\/index.php\/wp-json\/wp\/v2\/product\/19261"}],"collection":[{"href":"https:\/\/shumantalent.com\/index.php\/wp-json\/wp\/v2\/product"}],"about":[{"href":"https:\/\/shumantalent.com\/index.php\/wp-json\/wp\/v2\/types\/product"}],"wp:featuredmedia":[{"embeddable":true,"href":"https:\/\/shumantalent.com\/index.php\/wp-json\/wp\/v2\/media\/83974"}],"wp:attachment":[{"href":"https:\/\/shumantalent.com\/index.php\/wp-json\/wp\/v2\/media?parent=19261"}],"curies":[{"name":"wp","href":"https:\/\/api.w.org\/{rel}","templated":true}]}}